{"id":442,"date":"2019-08-08T03:02:22","date_gmt":"2019-08-08T03:02:22","guid":{"rendered":"http:\/\/localhost\/industris\/?page_id=442"},"modified":"2024-04-16T13:47:14","modified_gmt":"2024-04-16T13:47:14","slug":"nosotros","status":"publish","type":"page","link":"https:\/\/web.sisoft.com.co\/?page_id=442","title":{"rendered":"Nosotros"},"content":{"rendered":"\t\t<div data-elementor-type=\"wp-post\" data-elementor-id=\"442\" class=\"elementor elementor-442\" data-elementor-post-type=\"page\">\n\t\t\t\t\t\t<section class=\"elementor-section elementor-top-section elementor-element elementor-element-4eb1d62 elementor-section-boxed elementor-section-height-default elementor-section-height-default\" data-id=\"4eb1d62\" data-element_type=\"section\">\n\t\t\t\t\t\t<div class=\"elementor-container elementor-column-gap-extended\">\n\t\t\t\t\t<div class=\"elementor-column elementor-col-50 elementor-top-column elementor-element elementor-element-c7cf5c7\" data-id=\"c7cf5c7\" data-element_type=\"column\">\n\t\t\t<div class=\"elementor-widget-wrap elementor-element-populated\">\n\t\t\t\t\t\t<div class=\"elementor-element elementor-element-fecb90e elementor-widget elementor-widget-iheading\" data-id=\"fecb90e\" data-element_type=\"widget\" data-widget_type=\"iheading.default\">\n\t\t\t\t<div class=\"elementor-widget-container\">\n\t\t\t\t\t<div class=\"section-head\">\r\n\t        \t            <h6 class=\"text-primary\">Sobre Nosotros<\/h6>\r\n\t        \t        <h2 class=\"section-title\">SISOFT SOLUCIONES INFORM\u00c1TICAS S.A.S <span class=\"text-primary\"><\/span><\/h2>\r\n\t        \t    <\/div>\r\n\t    \t\t<\/div>\n\t\t\t\t<\/div>\n\t\t\t\t<div class=\"elementor-element elementor-element-4ea1332 elementor-widget elementor-widget-text-editor\" data-id=\"4ea1332\" data-element_type=\"widget\" data-widget_type=\"text-editor.default\">\n\t\t\t\t<div class=\"elementor-widget-container\">\n\t\t\t\t\t\t\t<p>se compromete a dar cumplimiento a los requisitos legales y otros aplicables a la organizaci\u00f3n.<\/p>\t\t\t\t\t\t<\/div>\n\t\t\t\t<\/div>\n\t\t\t\t<section class=\"elementor-section elementor-inner-section elementor-element elementor-element-6a1f680 elementor-section-boxed elementor-section-height-default elementor-section-height-default\" data-id=\"6a1f680\" data-element_type=\"section\">\n\t\t\t\t\t\t<div class=\"elementor-container elementor-column-gap-default\">\n\t\t\t\t\t<div class=\"elementor-column elementor-col-33 elementor-inner-column elementor-element elementor-element-f6a9d25\" data-id=\"f6a9d25\" data-element_type=\"column\">\n\t\t\t<div class=\"elementor-widget-wrap elementor-element-populated\">\n\t\t\t\t\t\t<div class=\"elementor-element elementor-element-3f6ee3a elementor-view-default elementor-widget elementor-widget-icon\" data-id=\"3f6ee3a\" data-element_type=\"widget\" data-widget_type=\"icon.default\">\n\t\t\t\t<div class=\"elementor-widget-container\">\n\t\t\t\t\t<div class=\"elementor-icon-wrapper\">\n\t\t\t<div class=\"elementor-icon\">\n\t\t\t<i aria-hidden=\"true\" class=\"far fa-check-circle\"><\/i>\t\t\t<\/div>\n\t\t<\/div>\n\t\t\t\t<\/div>\n\t\t\t\t<\/div>\n\t\t\t\t<div class=\"elementor-element elementor-element-7bf70a3 elementor-widget elementor-widget-heading\" data-id=\"7bf70a3\" data-element_type=\"widget\" data-widget_type=\"heading.default\">\n\t\t\t\t<div class=\"elementor-widget-container\">\n\t\t\t<h6 class=\"elementor-heading-title elementor-size-default\">Cobertura Nacional<\/h6>\t\t<\/div>\n\t\t\t\t<\/div>\n\t\t\t\t\t<\/div>\n\t\t<\/div>\n\t\t\t\t<div class=\"elementor-column elementor-col-33 elementor-inner-column elementor-element elementor-element-1483634\" data-id=\"1483634\" data-element_type=\"column\">\n\t\t\t<div class=\"elementor-widget-wrap elementor-element-populated\">\n\t\t\t\t\t\t<div class=\"elementor-element elementor-element-6c9bfb7 elementor-view-default elementor-widget elementor-widget-icon\" data-id=\"6c9bfb7\" data-element_type=\"widget\" data-widget_type=\"icon.default\">\n\t\t\t\t<div class=\"elementor-widget-container\">\n\t\t\t\t\t<div class=\"elementor-icon-wrapper\">\n\t\t\t<div class=\"elementor-icon\">\n\t\t\t<i aria-hidden=\"true\" class=\"far fa-calendar-alt\"><\/i>\t\t\t<\/div>\n\t\t<\/div>\n\t\t\t\t<\/div>\n\t\t\t\t<\/div>\n\t\t\t\t<div class=\"elementor-element elementor-element-69ae178 elementor-widget elementor-widget-heading\" data-id=\"69ae178\" data-element_type=\"widget\" data-widget_type=\"heading.default\">\n\t\t\t\t<div class=\"elementor-widget-container\">\n\t\t\t<h6 class=\"elementor-heading-title elementor-size-default\">Soporte 24\/7<\/h6>\t\t<\/div>\n\t\t\t\t<\/div>\n\t\t\t\t\t<\/div>\n\t\t<\/div>\n\t\t\t\t<div class=\"elementor-column elementor-col-33 elementor-inner-column elementor-element elementor-element-48d2d3a\" data-id=\"48d2d3a\" data-element_type=\"column\">\n\t\t\t<div class=\"elementor-widget-wrap elementor-element-populated\">\n\t\t\t\t\t\t<div class=\"elementor-element elementor-element-6dc5af7 elementor-view-default elementor-widget elementor-widget-icon\" data-id=\"6dc5af7\" data-element_type=\"widget\" data-widget_type=\"icon.default\">\n\t\t\t\t<div class=\"elementor-widget-container\">\n\t\t\t\t\t<div class=\"elementor-icon-wrapper\">\n\t\t\t<div class=\"elementor-icon\">\n\t\t\t<i aria-hidden=\"true\" class=\"fas fa-suitcase\"><\/i>\t\t\t<\/div>\n\t\t<\/div>\n\t\t\t\t<\/div>\n\t\t\t\t<\/div>\n\t\t\t\t<div class=\"elementor-element elementor-element-8919141 elementor-widget elementor-widget-heading\" data-id=\"8919141\" data-element_type=\"widget\" data-widget_type=\"heading.default\">\n\t\t\t\t<div class=\"elementor-widget-container\">\n\t\t\t<h6 class=\"elementor-heading-title elementor-size-default\">Servicios Completos<\/h6>\t\t<\/div>\n\t\t\t\t<\/div>\n\t\t\t\t\t<\/div>\n\t\t<\/div>\n\t\t\t\t\t<\/div>\n\t\t<\/section>\n\t\t\t\t\t<\/div>\n\t\t<\/div>\n\t\t\t\t<div class=\"elementor-column elementor-col-50 elementor-top-column elementor-element elementor-element-2223052\" data-id=\"2223052\" data-element_type=\"column\">\n\t\t\t<div class=\"elementor-widget-wrap elementor-element-populated\">\n\t\t\t\t\t\t<div class=\"elementor-element elementor-element-c044a71 elementor-widget elementor-widget-image\" data-id=\"c044a71\" data-element_type=\"widget\" data-widget_type=\"image.default\">\n\t\t\t\t<div class=\"elementor-widget-container\">\n\t\t\t\t\t\t\t\t\t\t\t\t\t<img fetchpriority=\"high\" decoding=\"async\" width=\"417\" height=\"428\" src=\"https:\/\/web.sisoft.com.co\/wp-content\/uploads\/2021\/08\/oficna-web-12.jpg\" class=\"attachment-full size-full wp-image-2337\" alt=\"\" srcset=\"https:\/\/web.sisoft.com.co\/wp-content\/uploads\/2021\/08\/oficna-web-12.jpg 417w, https:\/\/web.sisoft.com.co\/wp-content\/uploads\/2021\/08\/oficna-web-12-292x300.jpg 292w\" sizes=\"(max-width: 417px) 100vw, 417px\" \/>\t\t\t\t\t\t\t\t\t\t\t\t\t<\/div>\n\t\t\t\t<\/div>\n\t\t\t\t\t<\/div>\n\t\t<\/div>\n\t\t\t\t\t<\/div>\n\t\t<\/section>\n\t\t\t\t<section class=\"elementor-section elementor-top-section elementor-element elementor-element-f976a49 elementor-section-full_width elementor-section-content-middle video-popup-section elementor-section-height-default elementor-section-height-default\" data-id=\"f976a49\" data-element_type=\"section\" data-settings=\"{&quot;background_background&quot;:&quot;classic&quot;}\">\n\t\t\t\t\t\t<div class=\"elementor-container elementor-column-gap-default\">\n\t\t\t\t\t<div class=\"elementor-column elementor-col-33 elementor-top-column elementor-element elementor-element-267c0b1\" data-id=\"267c0b1\" data-element_type=\"column\" data-settings=\"{&quot;background_background&quot;:&quot;slideshow&quot;,&quot;background_slideshow_gallery&quot;:[{&quot;id&quot;:2339,&quot;url&quot;:&quot;http:\\\/\\\/web.sisoft.com.co\\\/wp-content\\\/uploads\\\/2021\\\/08\\\/misionweb-15.jpg&quot;}],&quot;background_slideshow_loop&quot;:&quot;yes&quot;,&quot;background_slideshow_slide_duration&quot;:5000,&quot;background_slideshow_slide_transition&quot;:&quot;fade&quot;,&quot;background_slideshow_transition_duration&quot;:500}\">\n\t\t\t<div class=\"elementor-widget-wrap elementor-element-populated\">\n\t\t\t\t\t\t<div class=\"elementor-element elementor-element-8c5e4b0 elementor-view-stacked elementor-shape-circle elementor-widget elementor-widget-icon\" data-id=\"8c5e4b0\" data-element_type=\"widget\" data-widget_type=\"icon.default\">\n\t\t\t\t<div class=\"elementor-widget-container\">\n\t\t\t\t\t<div class=\"elementor-icon-wrapper\">\n\t\t\t<div class=\"elementor-icon\">\n\t\t\t<svg xmlns=\"http:\/\/www.w3.org\/2000\/svg\" width=\"16\" height=\"16\" fill=\"currentColor\" class=\"bi bi-eye\" viewBox=\"0 0 16 16\"><path d=\"M16 8s-3-5.5-8-5.5S0 8 0 8s3 5.5 8 5.5S16 8 16 8M1.173 8a13 13 0 0 1 1.66-2.043C4.12 4.668 5.88 3.5 8 3.5s3.879 1.168 5.168 2.457A13 13 0 0 1 14.828 8q-.086.13-.195.288c-.335.48-.83 1.12-1.465 1.755C11.879 11.332 10.119 12.5 8 12.5s-3.879-1.168-5.168-2.457A13 13 0 0 1 1.172 8z\"><\/path><path d=\"M8 5.5a2.5 2.5 0 1 0 0 5 2.5 2.5 0 0 0 0-5M4.5 8a3.5 3.5 0 1 1 7 0 3.5 3.5 0 0 1-7 0\"><\/path><\/svg>\t\t\t<\/div>\n\t\t<\/div>\n\t\t\t\t<\/div>\n\t\t\t\t<\/div>\n\t\t\t\t<div class=\"elementor-element elementor-element-447bd11 elementor-widget elementor-widget-heading\" data-id=\"447bd11\" data-element_type=\"widget\" data-widget_type=\"heading.default\">\n\t\t\t\t<div class=\"elementor-widget-container\">\n\t\t\t<h3 class=\"elementor-heading-title elementor-size-default\">VISI\u00d3N<\/h3>\t\t<\/div>\n\t\t\t\t<\/div>\n\t\t\t\t<div class=\"elementor-element elementor-element-907cf68 elementor-widget elementor-widget-text-editor\" data-id=\"907cf68\" data-element_type=\"widget\" data-widget_type=\"text-editor.default\">\n\t\t\t\t<div class=\"elementor-widget-container\">\n\t\t\t\t\t\t\t<table><tbody><tr><td><p style=\"text-align: center;\"><span style=\"color: #ffffff;\">Para el 2026, <strong>SISOFT SOLUCIONES INFORMATICAS S.A.S<\/strong> busca consolidarse como la mejor empresa de desarrollo de sistemas de informaci\u00f3n y servicios de Telecomunicaciones en el departamento y ser referente a nivel nacional, contando con un equipo altamente calificado, para brindar un servicio de calidad, que satisfaga las necesidades espec\u00edficas de cada cliente de la mano con los avances tecnol\u00f3gicos actuales.<\/span><\/p><\/td><\/tr><\/tbody><\/table>\t\t\t\t\t\t<\/div>\n\t\t\t\t<\/div>\n\t\t\t\t\t<\/div>\n\t\t<\/div>\n\t\t\t\t<div class=\"elementor-column elementor-col-33 elementor-top-column elementor-element elementor-element-5606b30\" data-id=\"5606b30\" data-element_type=\"column\" data-settings=\"{&quot;background_background&quot;:&quot;classic&quot;}\">\n\t\t\t<div class=\"elementor-widget-wrap\">\n\t\t\t\t\t\t\t<\/div>\n\t\t<\/div>\n\t\t\t\t<div class=\"elementor-column elementor-col-33 elementor-top-column elementor-element elementor-element-c171101\" data-id=\"c171101\" data-element_type=\"column\" data-settings=\"{&quot;background_background&quot;:&quot;slideshow&quot;,&quot;background_slideshow_gallery&quot;:[{&quot;id&quot;:2340,&quot;url&quot;:&quot;http:\\\/\\\/web.sisoft.com.co\\\/wp-content\\\/uploads\\\/2021\\\/08\\\/visionweb-15.jpg&quot;}],&quot;background_slideshow_loop&quot;:&quot;yes&quot;,&quot;background_slideshow_slide_duration&quot;:5000,&quot;background_slideshow_slide_transition&quot;:&quot;fade&quot;,&quot;background_slideshow_transition_duration&quot;:500}\">\n\t\t\t<div class=\"elementor-widget-wrap elementor-element-populated\">\n\t\t\t\t\t\t<div class=\"elementor-element elementor-element-977d913 elementor-view-stacked elementor-shape-circle elementor-widget elementor-widget-icon\" data-id=\"977d913\" data-element_type=\"widget\" data-widget_type=\"icon.default\">\n\t\t\t\t<div class=\"elementor-widget-container\">\n\t\t\t\t\t<div class=\"elementor-icon-wrapper\">\n\t\t\t<div class=\"elementor-icon\">\n\t\t\t<svg xmlns=\"http:\/\/www.w3.org\/2000\/svg\" width=\"16\" height=\"16\" fill=\"currentColor\" class=\"bi bi-rocket-takeoff\" viewBox=\"0 0 16 16\"><path d=\"M9.752 6.193c.599.6 1.73.437 2.528-.362s.96-1.932.362-2.531c-.599-.6-1.73-.438-2.528.361-.798.8-.96 1.933-.362 2.532\"><\/path><path d=\"M15.811 3.312c-.363 1.534-1.334 3.626-3.64 6.218l-.24 2.408a2.56 2.56 0 0 1-.732 1.526L8.817 15.85a.51.51 0 0 1-.867-.434l.27-1.899c.04-.28-.013-.593-.131-.956a9 9 0 0 0-.249-.657l-.082-.202c-.815-.197-1.578-.662-2.191-1.277-.614-.615-1.079-1.379-1.275-2.195l-.203-.083a10 10 0 0 0-.655-.248c-.363-.119-.675-.172-.955-.132l-1.896.27A.51.51 0 0 1 .15 7.17l2.382-2.386c.41-.41.947-.67 1.524-.734h.006l2.4-.238C9.005 1.55 11.087.582 12.623.208c.89-.217 1.59-.232 2.08-.188.244.023.435.06.57.093q.1.026.16.045c.184.06.279.13.351.295l.029.073a3.5 3.5 0 0 1 .157.721c.055.485.051 1.178-.159 2.065m-4.828 7.475.04-.04-.107 1.081a1.54 1.54 0 0 1-.44.913l-1.298 1.3.054-.38c.072-.506-.034-.993-.172-1.418a9 9 0 0 0-.164-.45c.738-.065 1.462-.38 2.087-1.006M5.205 5c-.625.626-.94 1.351-1.004 2.09a9 9 0 0 0-.45-.164c-.424-.138-.91-.244-1.416-.172l-.38.054 1.3-1.3c.245-.246.566-.401.91-.44l1.08-.107zm9.406-3.961c-.38-.034-.967-.027-1.746.163-1.558.38-3.917 1.496-6.937 4.521-.62.62-.799 1.34-.687 2.051.107.676.483 1.362 1.048 1.928.564.565 1.25.941 1.924 1.049.71.112 1.429-.067 2.048-.688 3.079-3.083 4.192-5.444 4.556-6.987.183-.771.18-1.345.138-1.713a3 3 0 0 0-.045-.283 3 3 0 0 0-.3-.041Z\"><\/path><path d=\"M7.009 12.139a7.6 7.6 0 0 1-1.804-1.352A7.6 7.6 0 0 1 3.794 8.86c-1.102.992-1.965 5.054-1.839 5.18.125.126 3.936-.896 5.054-1.902Z\"><\/path><\/svg>\t\t\t<\/div>\n\t\t<\/div>\n\t\t\t\t<\/div>\n\t\t\t\t<\/div>\n\t\t\t\t<div class=\"elementor-element elementor-element-874141b elementor-widget elementor-widget-heading\" data-id=\"874141b\" data-element_type=\"widget\" data-widget_type=\"heading.default\">\n\t\t\t\t<div class=\"elementor-widget-container\">\n\t\t\t<h3 class=\"elementor-heading-title elementor-size-default\">MISI\u00d3N<\/h3>\t\t<\/div>\n\t\t\t\t<\/div>\n\t\t\t\t<div class=\"elementor-element elementor-element-1550d89 elementor-widget elementor-widget-text-editor\" data-id=\"1550d89\" data-element_type=\"widget\" data-widget_type=\"text-editor.default\">\n\t\t\t\t<div class=\"elementor-widget-container\">\n\t\t\t\t\t\t\t<table><tbody><tr><td><p style=\"text-align: center;\"><span style=\"color: #ffffff;\"><strong>SISOFT SOLUCIONES INFORMATICAS S.A.S,<\/strong> empresa Casanare\u00f1a dedicada a desarrollo de sistemas de informaci\u00f3n, telecomunicaciones transporte de datos, infraestructura, servicios de internet, mantenimiento de redes, suministro de equipo y materiales de telecomunicaciones, con el prop\u00f3sito de satisfacer las necesidades espec\u00edficas de nuestros clientes mediante la innovaci\u00f3n en tecnolog\u00eda y talento humano calificado.<\/span><\/p><\/td><\/tr><\/tbody><\/table><p style=\"text-align: center;\">\u00a0<\/p>\t\t\t\t\t\t<\/div>\n\t\t\t\t<\/div>\n\t\t\t\t\t<\/div>\n\t\t<\/div>\n\t\t\t\t\t<\/div>\n\t\t<\/section>\n\t\t\t\t<section class=\"elementor-section elementor-top-section elementor-element elementor-element-5cd16e1 elementor-section-full_width elementor-section-content-middle video-popup-section elementor-section-height-default elementor-section-height-default\" data-id=\"5cd16e1\" data-element_type=\"section\" data-settings=\"{&quot;background_background&quot;:&quot;classic&quot;}\">\n\t\t\t\t\t\t<div class=\"elementor-container elementor-column-gap-default\">\n\t\t\t\t\t<div class=\"elementor-column elementor-col-50 elementor-top-column elementor-element elementor-element-39a47d5\" data-id=\"39a47d5\" data-element_type=\"column\">\n\t\t\t<div class=\"elementor-widget-wrap elementor-element-populated\">\n\t\t\t\t\t\t<div class=\"elementor-element elementor-element-7fae3e8 elementor-view-default elementor-widget elementor-widget-icon\" data-id=\"7fae3e8\" data-element_type=\"widget\" data-widget_type=\"icon.default\">\n\t\t\t\t<div class=\"elementor-widget-container\">\n\t\t\t\t\t<div class=\"elementor-icon-wrapper\">\n\t\t\t<div class=\"elementor-icon\">\n\t\t\t<svg xmlns=\"http:\/\/www.w3.org\/2000\/svg\" width=\"16\" height=\"16\" fill=\"currentColor\" class=\"bi bi-award\" viewBox=\"0 0 16 16\"><path d=\"M9.669.864 8 0 6.331.864l-1.858.282-.842 1.68-1.337 1.32L2.6 6l-.306 1.854 1.337 1.32.842 1.68 1.858.282L8 12l1.669-.864 1.858-.282.842-1.68 1.337-1.32L13.4 6l.306-1.854-1.337-1.32-.842-1.68zm1.196 1.193.684 1.365 1.086 1.072L12.387 6l.248 1.506-1.086 1.072-.684 1.365-1.51.229L8 10.874l-1.355-.702-1.51-.229-.684-1.365-1.086-1.072L3.614 6l-.25-1.506 1.087-1.072.684-1.365 1.51-.229L8 1.126l1.356.702z\"><\/path><path d=\"M4 11.794V16l4-1 4 1v-4.206l-2.018.306L8 13.126 6.018 12.1z\"><\/path><\/svg>\t\t\t<\/div>\n\t\t<\/div>\n\t\t\t\t<\/div>\n\t\t\t\t<\/div>\n\t\t\t\t<div class=\"elementor-element elementor-element-127fd39 elementor-widget elementor-widget-heading\" data-id=\"127fd39\" data-element_type=\"widget\" data-widget_type=\"heading.default\">\n\t\t\t\t<div class=\"elementor-widget-container\">\n\t\t\t<h5 class=\"elementor-heading-title elementor-size-default\">POL\u00cdTICA DE CALIDAD Y  SEGURIDAD DE LA INFORMACI\u00d3N <\/h5>\t\t<\/div>\n\t\t\t\t<\/div>\n\t\t\t\t\t<\/div>\n\t\t<\/div>\n\t\t\t\t<div class=\"elementor-column elementor-col-50 elementor-top-column elementor-element elementor-element-0f5234a\" data-id=\"0f5234a\" data-element_type=\"column\">\n\t\t\t<div class=\"elementor-widget-wrap elementor-element-populated\">\n\t\t\t\t\t\t<div class=\"elementor-element elementor-element-ac9bab2 elementor-widget elementor-widget-text-editor\" data-id=\"ac9bab2\" data-element_type=\"widget\" data-widget_type=\"text-editor.default\">\n\t\t\t\t<div class=\"elementor-widget-container\">\n\t\t\t\t\t\t\t<p>\u00a0<\/p><p>\u00a0<\/p><p><strong>SISOFT SOLUCIONES INFORMATICAS S.A.S<\/strong> se encuentra comprometido con el desarrollo de sistemas de informaci\u00f3n y el servicio de telecomunicaciones la cual se ejecuta controlando la seguridad de la informaci\u00f3n de tal manera que garantice la confiabilidad, integridad y disponibilidad de los activos de la Organizaci\u00f3n.<\/p><p>Siendo coherente con su contexto estrat\u00e9gico empresarial, contando con talento humano competente, infraestructura adecuada, garantizando el mejoramiento de cada uno de sus procesos, valorando y realizando el respectivo tratamiento de los riesgos pertinentes, garantizando la satisfacci\u00f3n del cliente y cada una de sus partes interesadas.<\/p><p style=\"text-align: center;\">.<\/p>\t\t\t\t\t\t<\/div>\n\t\t\t\t<\/div>\n\t\t\t\t\t<\/div>\n\t\t<\/div>\n\t\t\t\t\t<\/div>\n\t\t<\/section>\n\t\t\t\t<\/div>\n\t\t","protected":false},"excerpt":{"rendered":"<p>Sobre Nosotros SISOFT SOLUCIONES INFORM\u00c1TICAS S.A.S se compromete a dar cumplimiento a los requisitos legales y otros aplicables a la organizaci\u00f3n. Cobertura Nacional Soporte 24\/7 Servicios Completos VISI\u00d3N Para el 2026, SISOFT SOLUCIONES INFORMATICAS S.A.S busca consolidarse como la mejor empresa de desarrollo de sistemas de informaci\u00f3n y servicios de Telecomunicaciones en el departamento y [&hellip;]<\/p>\n","protected":false},"author":1,"featured_media":0,"parent":0,"menu_order":0,"comment_status":"closed","ping_status":"closed","template":"","meta":{"_joinchat":[],"footnotes":""},"_links":{"self":[{"href":"https:\/\/web.sisoft.com.co\/index.php?rest_route=\/wp\/v2\/pages\/442"}],"collection":[{"href":"https:\/\/web.sisoft.com.co\/index.php?rest_route=\/wp\/v2\/pages"}],"about":[{"href":"https:\/\/web.sisoft.com.co\/index.php?rest_route=\/wp\/v2\/types\/page"}],"author":[{"embeddable":true,"href":"https:\/\/web.sisoft.com.co\/index.php?rest_route=\/wp\/v2\/users\/1"}],"replies":[{"embeddable":true,"href":"https:\/\/web.sisoft.com.co\/index.php?rest_route=%2Fwp%2Fv2%2Fcomments&post=442"}],"version-history":[{"count":62,"href":"https:\/\/web.sisoft.com.co\/index.php?rest_route=\/wp\/v2\/pages\/442\/revisions"}],"predecessor-version":[{"id":4474,"href":"https:\/\/web.sisoft.com.co\/index.php?rest_route=\/wp\/v2\/pages\/442\/revisions\/4474"}],"wp:attachment":[{"href":"https:\/\/web.sisoft.com.co\/index.php?rest_route=%2Fwp%2Fv2%2Fmedia&parent=442"}],"curies":[{"name":"wp","href":"https:\/\/api.w.org\/{rel}","templated":true}]}}